{"id":135,"date":"2024-11-05T14:36:13","date_gmt":"2024-11-05T14:36:13","guid":{"rendered":"https:\/\/staging.devoliere.nl\/?page_id=135"},"modified":"2025-08-13T15:16:18","modified_gmt":"2025-08-13T15:16:18","slug":"werken-bij","status":"publish","type":"page","link":"https:\/\/devoliere.nl\/de\/werken-bij\/","title":{"rendered":"Stellenangebote"},"content":{"rendered":"<div data-elementor-type=\"wp-page\" data-elementor-id=\"135\" class=\"elementor elementor-135\" data-elementor-post-type=\"page\">\n\t\t\t\t<div class=\"elementor-element elementor-element-8a6b581 elementor-hidden-mobile e-flex e-con-boxed e-con e-parent\" data-id=\"8a6b581\" data-element_type=\"container\" data-e-type=\"container\" data-settings=\"{&quot;background_background&quot;:&quot;classic&quot;}\">\n\t\t\t\t\t<div class=\"e-con-inner\">\n\t\t\t\t\t<\/div>\n\t\t\t\t<\/div>\n\t\t<div class=\"elementor-element elementor-element-62399f6 e-flex e-con-boxed e-con e-parent\" data-id=\"62399f6\" data-element_type=\"container\" data-e-type=\"container\" data-settings=\"{&quot;background_background&quot;:&quot;classic&quot;}\">\n\t\t\t\t\t<div class=\"e-con-inner\">\n\t\t<div class=\"elementor-element elementor-element-0f22546 e-con-full e-flex e-con e-child\" data-id=\"0f22546\" data-element_type=\"container\" data-e-type=\"container\" data-settings=\"{&quot;background_background&quot;:&quot;classic&quot;}\">\n\t\t\t\t<div class=\"elementor-element elementor-element-55e16e7 elementor-widget elementor-widget-image\" data-id=\"55e16e7\" data-element_type=\"widget\" data-e-type=\"widget\" data-widget_type=\"image.default\">\n\t\t\t\t\t\t\t\t\t\t\t\t\t\t\t<img fetchpriority=\"high\" decoding=\"async\" width=\"800\" height=\"773\" src=\"https:\/\/devoliere.nl\/wp-content\/uploads\/vroegevogel-lineart-1024x989.png\" class=\"attachment-large size-large wp-image-330\" alt=\"\" srcset=\"https:\/\/devoliere.nl\/wp-content\/uploads\/vroegevogel-lineart-1024x989.png 1024w, https:\/\/devoliere.nl\/wp-content\/uploads\/vroegevogel-lineart-300x290.png 300w, https:\/\/devoliere.nl\/wp-content\/uploads\/vroegevogel-lineart-768x742.png 768w, https:\/\/devoliere.nl\/wp-content\/uploads\/vroegevogel-lineart.png 1118w\" sizes=\"(max-width: 800px) 100vw, 800px\" loading=\"eager\" \/>\t\t\t\t\t\t\t\t\t\t\t\t\t\t\t<\/div>\n\t\t\t\t<\/div>\n\t\t<div class=\"elementor-element elementor-element-4eea8a2 e-con-full e-flex e-con e-child\" data-id=\"4eea8a2\" data-element_type=\"container\" data-e-type=\"container\" data-settings=\"{&quot;background_background&quot;:&quot;classic&quot;}\">\n\t\t\t\t<div class=\"elementor-element elementor-element-feaa05c elementor-widget elementor-widget-heading\" data-id=\"feaa05c\" data-element_type=\"widget\" data-e-type=\"widget\" data-widget_type=\"heading.default\">\n\t\t\t\t\t<h1 class=\"elementor-heading-title elementor-size-default\">Arbeiten auf die Voli\u00e8re<\/h1>\t\t\t\t<\/div>\n\t\t\t\t<div class=\"elementor-element elementor-element-2d89593 elementor-widget elementor-widget-text-editor\" data-id=\"2d89593\" data-element_type=\"widget\" data-e-type=\"widget\" data-widget_type=\"text-editor.default\">\n\t\t\t\t\t\t\t\t\tNette Kollegen, ein sch\u00f6nes Arbeitsklima, flexible Arbeitszeiten und am liebsten in einem sch\u00f6nen, inspirierenden Arbeitsumfeld\u2026 wir wissen genau, was Sie suchen. Und wenn Sie \u00fcber eine gute Portion Gastfreundschaft, einen guten, positiven Antrieb und leidenschaftliche Arbeit verf\u00fcgen; dann suchen wir vielleicht einander. Wir w\u00fcrden gerne h\u00f6ren, wer Sie sind, also z\u00f6gern Sie nicht, uns zu kontaktieren! \t\t\t\t\t\t\t\t<\/div>\n\t\t\t\t<div class=\"elementor-element elementor-element-e69f4c9 elementor-align-left elementor-mobile-align-center elementor-widget elementor-widget-button\" data-id=\"e69f4c9\" data-element_type=\"widget\" data-e-type=\"widget\" data-widget_type=\"button.default\">\n\t\t\t\t\t\t\t\t\t\t<a class=\"elementor-button elementor-button-link elementor-size-sm\" href=\"https:\/\/devoliere.nl\/de\/contact-work\/\">\n\t\t\t\t\t\t<span class=\"elementor-button-content-wrapper\">\n\t\t\t\t\t\t\t\t\t<span class=\"elementor-button-text\">Ich m\u00f6chte mich bewerben!<\/span>\n\t\t\t\t\t<\/span>\n\t\t\t\t\t<\/a>\n\t\t\t\t\t\t\t\t<\/div>\n\t\t\t\t<\/div>\n\t\t\t\t\t<\/div>\n\t\t\t\t<\/div>\n\t\t<div class=\"elementor-element elementor-element-2264d0a e-flex e-con-boxed e-con e-parent\" data-id=\"2264d0a\" data-element_type=\"container\" data-e-type=\"container\" data-settings=\"{&quot;background_background&quot;:&quot;classic&quot;}\">\n\t\t\t\t\t<div class=\"e-con-inner\">\n\t\t<div class=\"elementor-element elementor-element-5141eb1 e-con-full e-flex e-con e-child\" data-id=\"5141eb1\" data-element_type=\"container\" data-e-type=\"container\" data-settings=\"{&quot;background_background&quot;:&quot;classic&quot;}\">\n\t\t\t\t<div class=\"elementor-element elementor-element-816dbe4 elementor-widget elementor-widget-heading\" data-id=\"816dbe4\" data-element_type=\"widget\" data-e-type=\"widget\" data-widget_type=\"heading.default\">\n\t\t\t\t\t<h2 class=\"elementor-heading-title elementor-size-default\">Stellenangebote<\/h2>\t\t\t\t<\/div>\n\t\t\t\t<div class=\"elementor-element elementor-element-065966b elementor-widget elementor-widget-text-editor\" data-id=\"065966b\" data-element_type=\"widget\" data-e-type=\"widget\" data-widget_type=\"text-editor.default\">\n\t\t\t\t\t\t\t\t\t<h5 style=\"text-align: left;\"><strong>SELBSTST\u00c4NDIG ARBEITENDER KOCH<\/strong><\/h5><p style=\"text-align: left;\">Bist du eine engagierte und erfahrene Gastronomie-Fachkraft mit F\u00fchrungsqualit\u00e4ten? Hast du eine Leidenschaft f\u00fcr Gastfreundschaft und wei\u00dft, wie man ein Team motiviert und f\u00fchrt? Dann suchen wir in der Voliere genau dich!<\/p><h6 style=\"text-align: left;\">Deine Rolle<\/h6><p style=\"text-align: left;\">Als F\u00fchrungskraft in der Voliere bist du der erste Ansprechpartner f\u00fcr G\u00e4ste wie auch f\u00fcr Mitarbeiter. Du sorgst f\u00fcr einen reibungslosen Ablauf des t\u00e4glichen Betriebs in unserem Restaurant \u2013 sowohl beim \u00c0-la-carte-Service als auch bei Veranstaltungen und an der Bar. Gemeinsam mit deinem Team schaffst du ein einzigartiges Erlebnis f\u00fcr unsere G\u00e4ste und stellst eine gut organisierte Struktur hinter den Kulissen sicher.<\/p><h6 style=\"text-align: left;\">Was wirst du tun?<\/h6><ul style=\"text-align: left;\"><li>F\u00fchrung des Teams, klare Anweisungen durch Briefings geben und f\u00fcr ein positives Arbeitsklima sorgen;<\/li><li>Koordination von \u00c0-la-carte-Service, Veranstaltungen und der Bar;<\/li><li>Verantwortlich f\u00fcr das Gasterlebnis und die Servicequalit\u00e4t;<\/li><li>\u00dcberblick \u00fcber die Reservierungen und effiziente Planung von Tischen und Personal;<\/li><li>Sicherstellen einer reibungslosen Durchf\u00fchrung der Start- und Abschlussprozeduren;<\/li><li>Bestandsverwaltung und Bestellungen bei verschiedenen Lieferanten aufgeben;<\/li><li>Unterst\u00fctzen und Mitdenken bei Verbesserungen der Betriebsabl\u00e4ufe;<\/li><li>L\u00f6sen unerwarteter Situationen und schnelles Reagieren bei Hochbetrieb oder Wetter\u00e4nderungen;<\/li><li>Kommunikation mit der K\u00fcche \u00fcber Besonderheiten und Allergien;<\/li><li>Sicherstellen einer sauberen und aufger\u00e4umten Arbeitsumgebung.<\/li><\/ul><h6 style=\"text-align: left;\">Wen suchen wir?<\/h6><ul style=\"text-align: left;\"><li>Du hast umfassende Erfahrung in der Gastronomie, vorzugsweise in einer F\u00fchrungsposition;<\/li><li>Du bist gastfreundlich, kommunikationsstark und belastbar;<\/li><li>Du hast ein starkes Verantwortungsbewusstsein und eine Hands-on-Mentalit\u00e4t;<\/li><li>Du bist gut im Planen und beh\u00e4ltst den \u00dcberblick in einem dynamischen Umfeld;<\/li><li>Du bist flexibel und verstehst es, das Team zu motivieren und zu f\u00fchren;<\/li><li>Du hast ein Auge f\u00fcrs Detail und sorgst daf\u00fcr, dass alles reibungslos l\u00e4uft.<\/li><\/ul><h6 style=\"text-align: left;\">Was bieten wir?<\/h6><ul style=\"text-align: left;\"><li>Eine herausfordernde Vollzeitstelle an vier Arbeitstagen in einem dynamischen und stimmungsvollen Gastronomiebetrieb;<\/li><li>Standardm\u00e4\u00dfig ein freier Tag am Wochenende;<\/li><li>Ein freundliches und professionelles Team mit Leidenschaft f\u00fcr Gastronomie;<\/li><li>Raum f\u00fcr eigene Ideen und pers\u00f6nliche Weiterentwicklung;<\/li><li>Marktgerechtes Gehalt und gute Arbeitsbedingungen.<\/li><\/ul><h5 style=\"font-weight: 400; text-align: left;\"><strong>SERVICEKRAFT (of: MITARBEITER\/IN SERVICE)\u00a0<\/strong><\/h5><ul style=\"font-weight: 400; text-align: left;\"><li>Je lacht graag, bezorgt mensen graag een fijne tijd en werkt het liefst in een team;<\/li><li>It is great if you speak English, und wenn du Deutsch sprichst ist das supertoll!;<\/li><li>Du bist mindestens einen Tag pro Woche verf\u00fcgbar und flexibel einsetzbar (auch am Wochenende);<\/li><li>Erfahrung ist sch\u00f6n, aber eine gute Motivation ist wichtiger.<\/li><\/ul><h5 style=\"font-weight: 400; text-align: left;\"><strong>BAR MANAGER<\/strong><\/h5><ul style=\"font-weight: 400; text-align: left;\"><li>Du bist kreativ, proaktiv, hast ein starkes Verantwortungsbewusstsein und eine Leidenschaft f\u00fcr guten Kaffee, frische S\u00e4fte und \u00fcberraschende Cocktails;<\/li><li>Du bist in Vollzeit verf\u00fcgbar und flexibel einsetzbar (auch am Wochenende);<\/li><li>Du hast nachweisbare Erfahrung hinter und an der Bar und Kenntnisse in der Zubereitung von Cocktails;<\/li><li>Du bist in Vollzeit verf\u00fcgbar und arbeitest gerne in einer Vier-Tage-Woche. Ein freier Tag am Wochenende ist f\u00fcr dich Standard.<\/li><\/ul><h5 style=\"font-weight: 400; text-align: left;\"><strong>BARMITARBEITER\u00a0<\/strong><\/h5><ul style=\"font-weight: 400; text-align: left;\"><li>Du bist aktiv, fr\u00f6hlich, arbeitest gerne hart und hast eine Affinit\u00e4t zu Getr\u00e4nken (und nicht nur zum Trinken davon);<\/li><li>Du bist mindestens einen Tag pro Woche verf\u00fcgbar und flexibel einsetzbar (auch am Wochenende);<\/li><li>Erfahrung ist von Vorteil, aber keine Voraussetzung. Mit Engelsgeduld bringen wir dir bei, die besten Kaffees zuzubereiten und Cocktails zu shaken!<strong>\u00a0<\/strong><\/li><\/ul><h5 style=\"font-weight: 400; text-align: left;\"><strong>SP\u00dcLER<\/strong><\/h5><ul style=\"font-weight: 400; text-align: left;\"><li>Du packst gerne mit an, hast keine Angst, dir die H\u00e4nde schmutzig zu machen, und freust dich \u00fcber blitzsauberes Geschirr;<\/li><li>Du bist mindestens einen Tag pro Woche verf\u00fcgbar und flexibel einsetzbar (auch am Wochenende).<\/li><\/ul><p style=\"font-weight: 400; text-align: left;\" class=\"translation-block\">Neugierig geworden? Hier bewerben\n. Oder senden Sie Ihr Motivationsschreiben und Ihren Lebenslauf an Marieke Manssen unter info@devoliere.nl\n.<\/p>\t\t\t\t\t\t\t\t<\/div>\n\t\t\t\t<\/div>\n\t\t<div class=\"elementor-element elementor-element-1dfae93 elementor-hidden-mobile e-con-full e-flex e-con e-child\" data-id=\"1dfae93\" data-element_type=\"container\" data-e-type=\"container\" data-settings=\"{&quot;background_background&quot;:&quot;classic&quot;}\">\n\t\t\t\t<div class=\"elementor-element elementor-element-993d1d0 elementor-widget__width-initial elementor-widget elementor-widget-spacer\" data-id=\"993d1d0\" data-element_type=\"widget\" data-e-type=\"widget\" data-widget_type=\"spacer.default\">\n\t\t\t\t\t\t\t<div class=\"elementor-spacer\">\n\t\t\t<div class=\"elementor-spacer-inner\"><\/div>\n\t\t<\/div>\n\t\t\t\t\t\t<\/div>\n\t\t\t\t<\/div>\n\t\t\t\t\t<\/div>\n\t\t\t\t<\/div>\n\t\t\t\t<\/div>","protected":false},"excerpt":{"rendered":"<p>Werken bij de Voli\u00e8re\u200b Leuke collega&#8217;s, een fijne werksfeer, flexibele werktijden en dat het liefst in een mooie, inspirerende werkomgeving&#8230; we weten precies waar je naar opzoek bent. En, als jij over een flinke dosis gastvrijheid bezit, een goede, positieve drive hebt en met passie te werk gaat; dan zijn wij misschien wel opzoek naar [&hellip;]<\/p>\n","protected":false},"author":1,"featured_media":0,"parent":0,"menu_order":0,"comment_status":"closed","ping_status":"closed","template":"","meta":{"_acf_changed":false,"footnotes":""},"class_list":["post-135","page","type-page","status-publish","hentry"],"acf":[],"_links":{"self":[{"href":"https:\/\/devoliere.nl\/de\/wp-json\/wp\/v2\/pages\/135","targetHints":{"allow":["GET"]}}],"collection":[{"href":"https:\/\/devoliere.nl\/de\/wp-json\/wp\/v2\/pages"}],"about":[{"href":"https:\/\/devoliere.nl\/de\/wp-json\/wp\/v2\/types\/page"}],"author":[{"embeddable":true,"href":"https:\/\/devoliere.nl\/de\/wp-json\/wp\/v2\/users\/1"}],"replies":[{"embeddable":true,"href":"https:\/\/devoliere.nl\/de\/wp-json\/wp\/v2\/comments?post=135"}],"version-history":[{"count":0,"href":"https:\/\/devoliere.nl\/de\/wp-json\/wp\/v2\/pages\/135\/revisions"}],"wp:attachment":[{"href":"https:\/\/devoliere.nl\/de\/wp-json\/wp\/v2\/media?parent=135"}],"curies":[{"name":"wp","href":"https:\/\/api.w.org\/{rel}","templated":true}]}}