{"id":137,"date":"2024-11-05T14:36:24","date_gmt":"2024-11-05T14:36:24","guid":{"rendered":"https:\/\/staging.devoliere.nl\/?page_id=137"},"modified":"2025-08-13T14:57:51","modified_gmt":"2025-08-13T14:57:51","slug":"de-locatie","status":"publish","type":"page","link":"https:\/\/devoliere.nl\/de\/de-locatie\/","title":{"rendered":"Die Location"},"content":{"rendered":"<div data-elementor-type=\"wp-page\" data-elementor-id=\"137\" class=\"elementor elementor-137\" data-elementor-post-type=\"page\">\n\t\t\t\t<div class=\"elementor-element elementor-element-1013574 elementor-hidden-mobile e-flex e-con-boxed e-con e-parent\" data-id=\"1013574\" data-element_type=\"container\" data-e-type=\"container\" data-settings=\"{&quot;background_background&quot;:&quot;classic&quot;}\">\n\t\t\t\t\t<div class=\"e-con-inner\">\n\t\t\t\t\t<\/div>\n\t\t\t\t<\/div>\n\t\t<div class=\"elementor-element elementor-element-8ed172f e-flex e-con-boxed e-con e-parent\" data-id=\"8ed172f\" data-element_type=\"container\" data-e-type=\"container\" data-settings=\"{&quot;background_background&quot;:&quot;classic&quot;}\">\n\t\t\t\t\t<div class=\"e-con-inner\">\n\t\t<div class=\"elementor-element elementor-element-f7ce4b3 e-con-full e-flex e-con e-child\" data-id=\"f7ce4b3\" data-element_type=\"container\" data-e-type=\"container\" data-settings=\"{&quot;background_background&quot;:&quot;classic&quot;}\">\n\t\t\t\t<div class=\"elementor-element elementor-element-4b42006 elementor-widget elementor-widget-image\" data-id=\"4b42006\" data-element_type=\"widget\" data-e-type=\"widget\" data-widget_type=\"image.default\">\n\t\t\t\t\t\t\t\t\t\t\t\t\t\t\t<img fetchpriority=\"high\" decoding=\"async\" width=\"800\" height=\"845\" src=\"https:\/\/devoliere.nl\/wp-content\/uploads\/hogvlieger-los.png\" class=\"attachment-large size-large wp-image-183\" alt=\"\" srcset=\"https:\/\/devoliere.nl\/wp-content\/uploads\/hogvlieger-los.png 844w, https:\/\/devoliere.nl\/wp-content\/uploads\/hogvlieger-los-284x300.png 284w, https:\/\/devoliere.nl\/wp-content\/uploads\/hogvlieger-los-768x811.png 768w\" sizes=\"(max-width: 800px) 100vw, 800px\" loading=\"eager\" \/>\t\t\t\t\t\t\t\t\t\t\t\t\t\t\t<\/div>\n\t\t\t\t<\/div>\n\t\t<div class=\"elementor-element elementor-element-a40a323 e-con-full e-flex e-con e-child\" data-id=\"a40a323\" data-element_type=\"container\" data-e-type=\"container\" data-settings=\"{&quot;background_background&quot;:&quot;classic&quot;}\">\n\t\t\t\t<div class=\"elementor-element elementor-element-225b579 elementor-widget elementor-widget-heading\" data-id=\"225b579\" data-element_type=\"widget\" data-e-type=\"widget\" data-widget_type=\"heading.default\">\n\t\t\t\t\t<h1 class=\"elementor-heading-title elementor-size-default\">Het Oosterduinsemeer\n<\/h1>\t\t\t\t<\/div>\n\t\t\t\t<div class=\"elementor-element elementor-element-62f75bc elementor-widget elementor-widget-text-editor\" data-id=\"62f75bc\" data-element_type=\"widget\" data-e-type=\"widget\" data-widget_type=\"text-editor.default\">\n\t\t\t\t\t\t\t\t\tDer Waterkanter kommt in der Voli\u00e8re voll auf seine Kosten. Denn so gro\u00df der See auch ist: Selbst ein nasses Kleidungsst\u00fcck wird nie langweilig. Der Waterkanter lebt sich gern auf beiden Seiten der Wasserlinie aus \u2013 immer balancierend auf der Oberfl\u00e4che und bereit f\u00fcr einen Sprung ins Tiefe. Um sich anschlie\u00dfend mit einem Getr\u00e4nk und einer Kleinigkeit zu belohnen.\n\nDie Voli\u00e8re liegt am Oosterduinsemeer, im Volksmund besser bekannt als das \u201eComosee\u201c. In den 1950er- und 60er-Jahren entstand der See durch den Abbau der ehemaligen Oosterduinen. Im Laufe der Zeit wurde er zur Heimat f\u00fcr verschiedenste Vogelarten in allen Gr\u00f6\u00dfen, f\u00fcr Angler, Vogelbeobachter und f\u00fcr alle, die diesen offiziellen Badeplatz genie\u00dfen m\u00f6chten. Erkunden Sie den See mit SUP, Kanu oder Boot und lassen Sie sich von dieser Oase der Ruhe verf\u00fchren. \n\n\t\t\t\t\t\t\t\t<\/div>\n\t\t\t\t<\/div>\n\t\t\t\t\t<\/div>\n\t\t\t\t<\/div>\n\t\t<div class=\"elementor-element elementor-element-6cb5609 e-con-full elementor-hidden-mobile e-flex e-con e-parent\" data-id=\"6cb5609\" data-element_type=\"container\" data-e-type=\"container\">\n\t\t<div class=\"elementor-element elementor-element-691f592 e-con-full e-flex e-con e-child\" data-id=\"691f592\" data-element_type=\"container\" data-e-type=\"container\">\n\t\t\t\t<div class=\"elementor-element elementor-element-db4679b elementor--h-position-right elementor--v-position-bottom elementor-arrows-position-inside elementor-pagination-position-inside elementor-widget elementor-widget-slides\" data-id=\"db4679b\" data-element_type=\"widget\" data-e-type=\"widget\" data-settings=\"{&quot;navigation&quot;:&quot;both&quot;,&quot;autoplay&quot;:&quot;yes&quot;,&quot;pause_on_hover&quot;:&quot;yes&quot;,&quot;pause_on_interaction&quot;:&quot;yes&quot;,&quot;autoplay_speed&quot;:5000,&quot;infinite&quot;:&quot;yes&quot;,&quot;transition&quot;:&quot;slide&quot;,&quot;transition_speed&quot;:500}\" data-widget_type=\"slides.default\">\n\t\t\t\t\t\t\t\t\t\t<div class=\"elementor-slides-wrapper elementor-main-swiper swiper\" role=\"region\" aria-roledescription=\"carousel\" aria-label=\"Slides\" dir=\"ltr\" data-animation=\"fadeInRight\">\n\t\t\t\t<div class=\"swiper-wrapper elementor-slides\">\n\t\t\t\t\t\t\t\t\t\t<div class=\"elementor-repeater-item-0603411 swiper-slide\" role=\"group\" aria-roledescription=\"slide\"><div class=\"swiper-slide-bg\" role=\"img\" aria-label=\"header-devoliere-events_v2.jpg\"><\/div><div class=\"swiper-slide-inner\" ><div class=\"swiper-slide-contents\"><\/div><\/div><\/div><div class=\"elementor-repeater-item-d1434b7 swiper-slide\" role=\"group\" aria-roledescription=\"slide\"><div class=\"swiper-slide-bg\" role=\"img\" aria-label=\"OverOnsLocatieWebsite.png\"><\/div><div class=\"swiper-slide-inner\" ><div class=\"swiper-slide-contents\"><\/div><\/div><\/div>\t\t\t\t<\/div>\n\t\t\t\t\t\t\t\t\t\t\t\t\t\t\t<div class=\"elementor-swiper-button elementor-swiper-button-prev\" role=\"button\" tabindex=\"0\" aria-label=\"Vorheriger Slide\">\n\t\t\t\t\t\t\t<svg aria-hidden=\"true\" class=\"e-font-icon-svg e-eicon-chevron-left\" viewbox=\"0 0 1000 1000\" xmlns=\"http:\/\/www.w3.org\/2000\/svg\"><path d=\"M646 125C629 125 613 133 604 142L308 442C296 454 292 471 292 487 292 504 296 521 308 533L604 854C617 867 629 875 646 875 663 875 679 871 692 858 704 846 713 829 713 812 713 796 708 779 692 767L438 487 692 225C700 217 708 204 708 187 708 171 704 154 692 142 675 129 663 125 646 125Z\"><\/path><\/svg>\t\t\t\t\t\t<\/div>\n\t\t\t\t\t\t<div class=\"elementor-swiper-button elementor-swiper-button-next\" role=\"button\" tabindex=\"0\" aria-label=\"N\u00e4chster Slide\">\n\t\t\t\t\t\t\t<svg aria-hidden=\"true\" class=\"e-font-icon-svg e-eicon-chevron-right\" viewbox=\"0 0 1000 1000\" xmlns=\"http:\/\/www.w3.org\/2000\/svg\"><path d=\"M696 533C708 521 713 504 713 487 713 471 708 454 696 446L400 146C388 133 375 125 354 125 338 125 325 129 313 142 300 154 292 171 292 187 292 204 296 221 308 233L563 492 304 771C292 783 288 800 288 817 288 833 296 850 308 863 321 871 338 875 354 875 371 875 388 867 400 854L696 533Z\"><\/path><\/svg>\t\t\t\t\t\t<\/div>\n\t\t\t\t\t\t\t\t\t\t\t\t\t\t\t\t<div class=\"swiper-pagination\"><\/div>\n\t\t\t\t\t\t\t\t\t\t\t\t<\/div>\n\t\t\t\t\t\t\t\t<\/div>\n\t\t\t\t<\/div>\n\t\t\t\t<\/div>\n\t\t<div class=\"elementor-element elementor-element-0b40913 e-flex e-con-boxed e-con e-parent\" data-id=\"0b40913\" data-element_type=\"container\" data-e-type=\"container\" data-settings=\"{&quot;background_background&quot;:&quot;classic&quot;}\">\n\t\t\t\t\t<div class=\"e-con-inner\">\n\t\t<div class=\"elementor-element elementor-element-5df2d63 e-con-full e-flex e-con e-child\" data-id=\"5df2d63\" data-element_type=\"container\" data-e-type=\"container\" data-settings=\"{&quot;background_background&quot;:&quot;classic&quot;}\">\n\t\t\t\t<div class=\"elementor-element elementor-element-bc32e1d elementor-widget elementor-widget-image\" data-id=\"bc32e1d\" data-element_type=\"widget\" data-e-type=\"widget\" data-widget_type=\"image.default\">\n\t\t\t\t\t\t\t\t\t\t\t\t\t\t\t<img decoding=\"async\" width=\"687\" height=\"1024\" src=\"https:\/\/devoliere.nl\/wp-content\/uploads\/DE-TORTELDUIF-lijn-687x1024.png\" class=\"attachment-large size-large wp-image-28\" alt=\"\" srcset=\"https:\/\/devoliere.nl\/wp-content\/uploads\/DE-TORTELDUIF-lijn-687x1024.png 687w, https:\/\/devoliere.nl\/wp-content\/uploads\/DE-TORTELDUIF-lijn-201x300.png 201w, https:\/\/devoliere.nl\/wp-content\/uploads\/DE-TORTELDUIF-lijn.png 725w\" sizes=\"(max-width: 687px) 100vw, 687px\" \/>\t\t\t\t\t\t\t\t\t\t\t\t\t\t\t<\/div>\n\t\t\t\t<\/div>\n\t\t<div class=\"elementor-element elementor-element-e0d2aa0 e-con-full e-flex e-con e-child\" data-id=\"e0d2aa0\" data-element_type=\"container\" data-e-type=\"container\" data-settings=\"{&quot;background_background&quot;:&quot;classic&quot;}\">\n\t\t\t\t<div class=\"elementor-element elementor-element-8b9377a elementor-widget elementor-widget-heading\" data-id=\"8b9377a\" data-element_type=\"widget\" data-e-type=\"widget\" data-widget_type=\"heading.default\">\n\t\t\t\t\t<h2 class=\"elementor-heading-title elementor-size-default\">Hochzeitslocation<\/h2>\t\t\t\t<\/div>\n\t\t\t\t<div class=\"elementor-element elementor-element-53c7727 elementor-widget elementor-widget-text-editor\" data-id=\"53c7727\" data-element_type=\"widget\" data-e-type=\"widget\" data-widget_type=\"text-editor.default\">\n\t\t\t\t\t\t\t\t\tWenn die Liebe in der Luft liegt, legt sie nur allzu gern bei der Voli\u00e8re an. Voller Bewunderung schaut sie zu, wie Paare sich darauf vorbereiten, den See als frisch Verm\u00e4hlte zu verlassen. Und sobald die Liebe \u2013 gro\u00df oder klein \u2013 gefeiert wurde, breitet die Turteltaube elegant ihre Fl\u00fcgel aus, um diese Botschaft in die Welt hinauszutragen.\n\nSteigen Sie bald ins Eheboot? Und suchen Sie noch nach einer idyllischen Location, um diesen besonderen Moment in ungezwungener Atmosph\u00e4re zu feiern? Dann ist die Voli\u00e8re vielleicht Liebe auf den ersten Blick.\n\nAn einem Tag wie diesem darf es an nichts fehlen. Deshalb unterst\u00fctzen wir Sie gerne dabei, unvergessliche Erinnerungen zu schaffen. Bei sch\u00f6nem Wetter werden Sie sich in unsere Terrasse verlieben, die mitten im Gr\u00fcnen liegt und einen herrlichen Blick \u00fcber den See bietet \u2013 der ideale Ort f\u00fcr Zeremonie, Empfang und Dinner. Und keine Sorge, falls die Wetterg\u00f6tter am gro\u00dfen Tag nicht mitspielen: dann steht Ihnen unsere Kas zur Verf\u00fcgung. Dort genie\u00dfen Sie denselben Ausblick von innen, ebenso romantisch und gem\u00fctlich.\t\t\t\t\t\t\t\t<\/div>\n\t\t\t\t<\/div>\n\t\t\t\t\t<\/div>\n\t\t\t\t<\/div>\n\t\t<div class=\"elementor-element elementor-element-ba38737 e-flex e-con-boxed e-con e-parent\" data-id=\"ba38737\" data-element_type=\"container\" data-e-type=\"container\" data-settings=\"{&quot;background_background&quot;:&quot;classic&quot;}\">\n\t\t\t\t\t<div class=\"e-con-inner\">\n\t\t<div class=\"elementor-element elementor-element-ad74e81 e-con-full e-flex e-con e-child\" data-id=\"ad74e81\" data-element_type=\"container\" data-e-type=\"container\" data-settings=\"{&quot;background_background&quot;:&quot;classic&quot;}\">\n\t\t\t\t<div class=\"elementor-element elementor-element-4a2afab elementor-widget elementor-widget-heading\" data-id=\"4a2afab\" data-element_type=\"widget\" data-e-type=\"widget\" data-widget_type=\"heading.default\">\n\t\t\t\t\t<h3 class=\"elementor-heading-title elementor-size-default\">Chillen am und rund um den See \/ eleganter: Entspannen am See<\/h3>\t\t\t\t<\/div>\n\t\t\t\t<div class=\"elementor-element elementor-element-a996b49 elementor-widget elementor-widget-text-editor\" data-id=\"a996b49\" data-element_type=\"widget\" data-e-type=\"widget\" data-widget_type=\"text-editor.default\">\n\t\t\t\t\t\t\t\t\tDie Voli\u00e8re befindet sich an einem einzigartigen Ort, mitten in der Natur. Die Umgebung eignet sich hervorragend f\u00fcr verschiedene Ausfl\u00fcge \u2013 denken Sie an den Keukenhof w\u00e4hrend der Blumensaison, den Strand oder die Amsterdamer Wasserleitungsd\u00fcnen.\n\nRund um den See gibt es einen sch\u00f6nen kleinen Strand, an dem viele Aktivit\u00e4ten m\u00f6glich sind. Sonnenbaden oder schwimmen, ein SUP-Board, Kanu oder Tretboot mieten. Steigen Sie auf ein Tandem oder einen E-Scooter und entdecken Sie die Umgebung. Es gibt genug zu tun!\u00a0\t\t\t\t\t\t\t\t<\/div>\n\t\t\t\t<\/div>\n\t\t<div class=\"elementor-element elementor-element-dcbf577 elementor-hidden-mobile e-con-full e-flex e-con e-child\" data-id=\"dcbf577\" data-element_type=\"container\" data-e-type=\"container\" data-settings=\"{&quot;background_background&quot;:&quot;classic&quot;}\">\n\t\t\t\t<\/div>\n\t\t\t\t\t<\/div>\n\t\t\t\t<\/div>\n\t\t<div class=\"elementor-element elementor-element-96b8af2 e-flex e-con-boxed e-con e-parent\" data-id=\"96b8af2\" data-element_type=\"container\" data-e-type=\"container\" data-settings=\"{&quot;background_background&quot;:&quot;classic&quot;}\">\n\t\t\t\t\t<div class=\"e-con-inner\">\n\t\t<div class=\"elementor-element elementor-element-b8343c0 e-con-full e-flex e-con e-child\" data-id=\"b8343c0\" data-element_type=\"container\" data-e-type=\"container\" data-settings=\"{&quot;background_background&quot;:&quot;classic&quot;}\">\n\t\t\t\t<div class=\"elementor-element elementor-element-d6fa67f elementor-widget elementor-widget-image\" data-id=\"d6fa67f\" data-element_type=\"widget\" data-e-type=\"widget\" data-widget_type=\"image.default\">\n\t\t\t\t\t\t\t\t\t\t\t\t\t\t\t<img decoding=\"async\" width=\"800\" height=\"1024\" src=\"https:\/\/devoliere.nl\/wp-content\/uploads\/WATERKANTER-lineart-800x1024.png\" class=\"attachment-large size-large wp-image-188\" alt=\"\" srcset=\"https:\/\/devoliere.nl\/wp-content\/uploads\/WATERKANTER-lineart-800x1024.png 800w, https:\/\/devoliere.nl\/wp-content\/uploads\/WATERKANTER-lineart-234x300.png 234w, https:\/\/devoliere.nl\/wp-content\/uploads\/WATERKANTER-lineart-768x983.png 768w, https:\/\/devoliere.nl\/wp-content\/uploads\/WATERKANTER-lineart.png 844w\" sizes=\"(max-width: 800px) 100vw, 800px\" \/>\t\t\t\t\t\t\t\t\t\t\t\t\t\t\t<\/div>\n\t\t\t\t<\/div>\n\t\t<div class=\"elementor-element elementor-element-286c488 e-con-full e-flex e-con e-child\" data-id=\"286c488\" data-element_type=\"container\" data-e-type=\"container\" data-settings=\"{&quot;background_background&quot;:&quot;classic&quot;}\">\n\t\t\t\t<div class=\"elementor-element elementor-element-ffcc8f8 elementor-widget elementor-widget-heading\" data-id=\"ffcc8f8\" data-element_type=\"widget\" data-e-type=\"widget\" data-widget_type=\"heading.default\">\n\t\t\t\t\t<h3 class=\"elementor-heading-title elementor-size-default\">Events<\/h3>\t\t\t\t<\/div>\n\t\t\t\t<div class=\"elementor-element elementor-element-c053263 elementor-widget elementor-widget-text-editor\" data-id=\"c053263\" data-element_type=\"widget\" data-e-type=\"widget\" data-widget_type=\"text-editor.default\">\n\t\t\t\t\t\t\t\t\tIm Laufe des Jahres werden am Oosterduinsemeer verschiedene Veranstaltungen organisiert. So steht der Monat April ganz im Zeichen der Tulpen und anderer Blumen w\u00e4hrend Full Bloom. Besuchen Sie auch Beers &amp; Tulips, wo Sie Biere verschiedener Brauereien in einer mit Blumen geschm\u00fcckten Umgebung genie\u00dfen k\u00f6nnen. Im Sommer findet j\u00e4hrlich das Musikevent Loungefest statt. Weitere Informationen folgen im Vorfeld dieser Veranstaltungen.\t\t\t\t\t\t\t\t<\/div>\n\t\t\t\t<\/div>\n\t\t\t\t\t<\/div>\n\t\t\t\t<\/div>\n\t\t\t\t<\/div>","protected":false},"excerpt":{"rendered":"<p>Het Oosterduinsemeer De waterkanter kan zijn hart ophalen bij de Voli\u00e8re. Want hoe groot de plas ook is: zelfs een nat pak verveelt. De waterkanter leeft zich graag uit aan beide kanten van de waterlijn. Altijd balancerend op het water en in voor een duik in het diepe. Om zichzelf vervolgens te trakteren op een [&hellip;]<\/p>\n","protected":false},"author":1,"featured_media":0,"parent":0,"menu_order":0,"comment_status":"closed","ping_status":"closed","template":"","meta":{"_acf_changed":false,"footnotes":""},"class_list":["post-137","page","type-page","status-publish","hentry"],"acf":[],"_links":{"self":[{"href":"https:\/\/devoliere.nl\/de\/wp-json\/wp\/v2\/pages\/137","targetHints":{"allow":["GET"]}}],"collection":[{"href":"https:\/\/devoliere.nl\/de\/wp-json\/wp\/v2\/pages"}],"about":[{"href":"https:\/\/devoliere.nl\/de\/wp-json\/wp\/v2\/types\/page"}],"author":[{"embeddable":true,"href":"https:\/\/devoliere.nl\/de\/wp-json\/wp\/v2\/users\/1"}],"replies":[{"embeddable":true,"href":"https:\/\/devoliere.nl\/de\/wp-json\/wp\/v2\/comments?post=137"}],"version-history":[{"count":0,"href":"https:\/\/devoliere.nl\/de\/wp-json\/wp\/v2\/pages\/137\/revisions"}],"wp:attachment":[{"href":"https:\/\/devoliere.nl\/de\/wp-json\/wp\/v2\/media?parent=137"}],"curies":[{"name":"wp","href":"https:\/\/api.w.org\/{rel}","templated":true}]}}