{"id":3,"date":"2024-11-05T08:21:02","date_gmt":"2024-11-05T08:21:02","guid":{"rendered":"https:\/\/staging.devoliere.nl\/?page_id=3"},"modified":"2024-11-07T08:11:26","modified_gmt":"2024-11-07T08:11:26","slug":"datenschutzrichtlinie","status":"publish","type":"page","link":"https:\/\/devoliere.nl\/de\/privacy-policy\/","title":{"rendered":"Datenschutzrichtlinie"},"content":{"rendered":"<div data-elementor-type=\"wp-page\" data-elementor-id=\"3\" class=\"elementor elementor-3\" data-elementor-post-type=\"page\">\n\t\t\t\t<div class=\"elementor-element elementor-element-291ab8d elementor-hidden-mobile e-flex e-con-boxed e-con e-parent\" data-id=\"291ab8d\" data-element_type=\"container\" data-e-type=\"container\" data-settings=\"{&quot;background_background&quot;:&quot;classic&quot;}\">\n\t\t\t\t\t<div class=\"e-con-inner\">\n\t\t\t\t\t<\/div>\n\t\t\t\t<\/div>\n\t\t<div class=\"elementor-element elementor-element-f98f870 e-flex e-con-boxed e-con e-parent\" data-id=\"f98f870\" data-element_type=\"container\" data-e-type=\"container\" data-settings=\"{&quot;background_background&quot;:&quot;classic&quot;}\">\n\t\t\t\t\t<div class=\"e-con-inner\">\n\t\t<div class=\"elementor-element elementor-element-ceef632 e-con-full e-flex e-con e-child\" data-id=\"ceef632\" data-element_type=\"container\" data-e-type=\"container\" data-settings=\"{&quot;background_background&quot;:&quot;classic&quot;}\">\n\t\t\t\t<div class=\"elementor-element elementor-element-59efe74 elementor-widget elementor-widget-heading\" data-id=\"59efe74\" data-element_type=\"widget\" data-e-type=\"widget\" data-widget_type=\"heading.default\">\n\t\t\t\t\t<h1 class=\"elementor-heading-title elementor-size-default\">Datenschutzrichtlinie<\/h1>\t\t\t\t<\/div>\n\t\t\t\t<div class=\"elementor-element elementor-element-626b71e elementor-widget elementor-widget-text-editor\" data-id=\"626b71e\" data-element_type=\"widget\" data-e-type=\"widget\" data-widget_type=\"text-editor.default\">\n\t\t\t\t\t\t\t\t\t\n<p>Sobald Sie unsere Website www.devoliere.nl besuchen oder mit uns Kontakt aufnehmen, erhalten wir Informationen \u00fcber Sie. In dieser Datenschutzerkl\u00e4rung erkl\u00e4ren wir, was wir mit diesen Informationen machen. Wir gehen stets sorgf\u00e4ltig mit Ihren Informationen um und speichern diese sicher. Haben Sie Fragen oder m\u00f6chten Sie wissen, welche Informationen wir von Ihnen haben, kontaktieren Sie uns bitte. Wir k\u00f6nnen diese Datenschutzerkl\u00e4rung anpassen, wenn wir dies f\u00fcr notwendig erachten. Wir empfehlen Ihnen daher, diese Datenschutzerkl\u00e4rung regelm\u00e4\u00dfig zu lesen, damit Sie \u00fcber diese \u00c4nderungen informiert sind. Diese Datenschutzerkl\u00e4rung wurde zuletzt am 29. September 2023 ge\u00e4ndert.<\/p>\n<p>Inhaltsverzeichnis<\/p>\n<p><b>Wann wenden Sie diese Datenschutzerkl\u00e4rung an?<br \/>Wer nutzt Ihre Daten?<br \/>Von wem verwenden wir Daten?<br \/>Wie kommen wir an Ihre Daten?<br \/>Welche Daten von Ihnen verwenden wir?<br \/>Wof\u00fcr verwenden wir deine Daten?<br \/>Wie lange speichern wir deine Daten?<br \/>Mit wem wir deine Daten teilen.<br \/>Wo speichern wir deine Daten?<br \/>Wie sicher sind Ihre Daten bei uns?<br \/>Was d\u00fcrfen Sie uns fragen?<br \/>Welche Regeln gelten f\u00fcr diese Datenschutzerkl\u00e4rung?<br \/>Welche Kekse benutzen wir?<br \/>Was tun wir mit Daten von Minderj\u00e4hrigen?<br \/>Haben Sie eine Frage zu dieser Datenschutzerkl\u00e4rung?<\/b><\/p>\n<p><b>1. Wann wendest du diese Datenschutzerkl\u00e4rung an?<\/b><\/p>\n<p>Diese Datenschutzerkl\u00e4rung gilt f\u00fcr alle personenbezogenen Daten, die wir verarbeiten, und f\u00fcr alle mit uns verbundenen Domains. Dies bezieht sich auf die personenbezogenen Daten von allen Personen, die jemals Kontakt mit uns hatten oder unsere Website besucht haben, wie z. B. Besucher, Kunden und Gesch\u00e4ftskontakte. Personenbezogene Daten sind alle Daten, die auf Sie als Einzelperson zur\u00fcckgef\u00fchrt werden k\u00f6nnen, wie z. B. Ihr Name, Ihre Telefonnummer, Ihre IP-Adresse, Ihre Kundennummer oder Ihr Surfverhalten. Wenn Sie mehr \u00fcber personenbezogene Daten erfahren m\u00f6chten, besuchen Sie bitte die Website der Datenschutzbeh\u00f6rde.<\/p>\n<p><b>2. Wer nutzt meine Daten?<br \/><\/b>De Voli\u00e8re ist verantwortlich f\u00fcr die Webseite www.devoliere.nl und damit die verantwortliche Organisation f\u00fcr die Nutzung deiner personenbezogenen Daten wie in dieser Datenschutzerkl\u00e4rung beschrieben. Die vollst\u00e4ndigen Daten sind:<\/p>\n<p>Der Vogelk\u00e4fig<br \/>D\u00fcnen schoten 12-335<br \/>2211 ZC Noordwijkerhout<br \/>78317657<\/p>\n<p><b>Von wem benutzen wir Daten?<br \/><\/b>Wir verarbeiten die personenbezogenen Daten von allen, die mit uns Kontakt aufgenommen haben oder unsere Website besucht haben. Dazu geh\u00f6ren Besucher, Privatkunden, Gesch\u00e4ftskunden und Ansprechpartner unserer Partner.<\/p>\n<p><b>4. Wie kommen wir an deine Daten?<br \/><\/b>Wir erhalten die Daten direkt von Ihnen, sobald Sie:<br \/>Daten eingegeben auf unsere Webseite<\/p>\n<p><b>5. Welche Daten verwenden wir von Ihnen?<br \/><\/b>Wir verwenden die folgenden Daten:<\/p>\n<p>Name<br \/>Wohnadresse oder Gesch\u00e4ftsadresse<br \/>E-Mail-Adresse<br \/>Telefonnummer<\/p>\n<p><b>6. Wof\u00fcr verwenden wir Ihre Daten?<\/b><\/p>\n<p>Wir verwenden Ihre personenbezogenen Daten nur f\u00fcr den Zweck, f\u00fcr den wir sie verwenden d\u00fcrfen:<\/p>\n<p>wir haben von dir deine Zustimmung erhalten, deine pers\u00f6nlichen Daten zu verwenden<\/p>\n<p><b>7. Wie lange speichern wir Ihre Daten?<\/b><\/p>\n<p>Wir bewahren Ihre pers\u00f6nlichen Daten so lange auf, wie wir gesetzlich dazu verpflichtet sind und solange es f\u00fcr den Zweck, f\u00fcr den wir Ihre Daten verwenden, notwendig ist. Solange Sie beispielsweise unser Kunde sind, speichern wir Ihre Daten gem\u00e4\u00df der gesetzlichen Aufbewahrungsfrist von sieben Jahren. Danach speichern wir Ihre Daten nur noch zu statistischen Zwecken und zur Abwicklung m\u00f6glicher Beschwerden oder rechtlicher Angelegenheiten. Wenn Sie mehr dar\u00fcber erfahren m\u00f6chten, wie lange wir bestimmte Daten von Ihnen speichern, kontaktieren Sie uns bitte.<\/p>\n<p><b>8. Mit wem teilen wir deine Daten?<\/b><\/p>\n<p>Ihre pers\u00f6nlichen Daten werden nur von uns verwendet. Wir werden Ihre pers\u00f6nlichen Daten niemals mit anderen teilen.<\/p>\n<p><b>9. Wo speichern wir deine Daten?<br \/><\/b>Wir verarbeiten deine Daten innerhalb des Europ\u00e4ischen Wirtschaftsraums (EWR). Dies bedeutet, dass wir deine Daten auch innerhalb des EWR speichern. Wenn du Fragen dazu hast, kontaktiere uns gerne.<\/p>\n<p><b>10. Wie sicher sind deine Daten bei uns?<br \/><\/b>Wir haben viel getan, um Ihre Daten sowohl organisatorisch als auch technisch bestm\u00f6glich zu sch\u00fctzen. Wir haben unsere Systeme und verschiedene Kommunikationsmittel gesichert, um sicherzustellen, dass Ihre Daten nicht in die H\u00e4nde anderer gelangen. Ihre Daten sind bei uns also sicher. Wir stellen auch sicher, dass Ihre Daten nur von Personen verwendet werden, die von uns die Erlaubnis dazu erhalten haben. Wenn Sie Fragen zu der spezifischen Art der Sicherung haben, kontaktieren Sie uns bitte.<\/p>\n<p><b>11. Was d\u00fcrfen Sie uns fragen?<\/b><\/p>\n<p>Da wir deine pers\u00f6nlichen Daten verwenden, hast du verschiedene Rechte. Diese Rechte fassen wir hier unten f\u00fcr dich zusammen.<\/p>\n<p><b>Recht auf Information<br \/><\/b>Wir m\u00fcssen dir auf verst\u00e4ndliche und klare Weise erkl\u00e4ren, was wir mit deinen Daten machen und welche Kontrolle du dar\u00fcber hast. Deshalb erkl\u00e4ren wir in dieser Datenschutzerkl\u00e4rung ausf\u00fchrlich, welche Daten wir von dir sammeln und wie wir mit deinen Daten umgehen.<\/p>\n<p><b>Recht auf Einsicht<br \/><\/b>Sie k\u00f6nnen uns jederzeit bitten, die Daten, die wir von Ihnen haben, einzusehen.<\/p>\n<p><b>Recht auf Berichtigung<br \/><\/b>Sie k\u00f6nnen uns bitten, Ihre Daten korrigieren zu lassen, wenn diese nicht richtig oder unvollst\u00e4ndig sind.<\/p>\n<p><b>Recht auf Widerspruch<br \/><\/b>Sie k\u00f6nnen der Verarbeitung Ihrer Daten widersprechen, wenn Sie mit der Art und Weise, wie wir mit Ihren pers\u00f6nlichen Daten umgehen, nicht einverstanden sind. Dieses Recht gilt f\u00fcr die Daten, die wir f\u00fcr Direktmarketing verwenden. So k\u00f6nnen Sie uns mitteilen, dass Sie keine E-Mails mehr von uns erhalten m\u00f6chten. Das gilt auch f\u00fcr personalisierte Empfehlungen auf unserer Website.<\/p>\n<p><b>Recht auf Daten\u00fcbertragbarkeit<br \/><\/b>Wenn Sie unser Kunde sind oder der Nutzung Ihrer Daten zugestimmt haben, k\u00f6nnen Sie uns bitten, Ihnen die digitalen Daten zu senden, die wir von Ihnen haben. So k\u00f6nnen Sie diese Daten bei Bedarf an eine andere Organisation \u00fcbertragen.<\/p>\n<p><b>Recht auf Einschr\u00e4nkung<br \/><\/b>Sie k\u00f6nnen uns bitten, die Verwendung Ihrer Daten einzuschr\u00e4nken. Das bedeutet, dass wir Ihre Daten in bestimmten F\u00e4llen nur speichern, aber nicht verwenden d\u00fcrfen.<\/p>\n<p><b>Recht auf Vergessenwerden<br \/><\/b>Sie k\u00f6nnen uns bitten, alle Daten zu l\u00f6schen, die wir \u00fcber Sie haben. Wir l\u00f6schen dann alle Daten, die auf Sie zur\u00fcckgef\u00fchrt werden k\u00f6nnen. In einigen F\u00e4llen k\u00f6nnen oder d\u00fcrfen wir Ihre Daten noch nicht l\u00f6schen. Wir m\u00fcssen beispielsweise bestimmte Daten 7 Jahre lang f\u00fcr die Steuerbeh\u00f6rde aufbewahren.<\/p>\n<p><b>Recht auf Beschwerde<br \/><\/b>Sie k\u00f6nnen eine Beschwerde \u00fcber die Art und Weise einreichen, wie wir mit Ihren Daten umgehen. Haben Sie eine Beschwerde, dann l\u00f6sen wir diese gerne f\u00fcr Sie. Nehmen Sie dazu Kontakt mit uns auf. Sie k\u00f6nnen Ihre Beschwerde auch bei der zust\u00e4ndigen Datenschutzbeh\u00f6rde einreichen. Nat\u00fcrlich hoffen wir, dass es nicht so weit kommt, aber im \u00e4u\u00dfersten Fall k\u00f6nnen Sie auch vor Gericht ziehen. In diesem Fall ist das Gericht am Standort von De Voli\u00e8re, das Ihre Beschwerde bearbeiten wird.<\/p>\n<p><b>Wie reiche ich einen Antrag oder eine Beschwerde ein?<br \/><\/b>Senden Sie Ihre Anfrage oder Beschwerde \u00fcber uns an\u00a0<a href=\"mailto:\/\/info@devoliere.nl\">info@devoliere.nl<\/a>. Wir bearbeiten Ihre Anfrage oder Beschwerde innerhalb von 30 Tagen. Wenn es sich um mehrere Anfragen oder Beschwerden handelt oder Ihre Anfrage oder Beschwerde komplex ist, kann dies mehr Zeit in Anspruch nehmen. In diesem Fall werden wir Sie sp\u00e4testens innerhalb von 60 Tagen kontaktieren. Wir k\u00f6nnen Sie bitten, sich auszuweisen. In diesem Fall fragen wir nach Ihren Daten, um sicherzustellen, dass Sie die richtige Person sind, von der die personenbezogenen Daten stammen.<\/p>\n<p><b>12. Welche Regeln gelten f\u00fcr diese Datenschutzerkl\u00e4rung?<br \/><\/b>Unsere Datenschutzerkl\u00e4rung muss verschiedene Bedingungen erf\u00fcllen. Diese Bedingungen finden Sie insbesondere in der Datenschutz-Grundverordnung. Dar\u00fcber hinaus gelten f\u00fcr unsere Datenschutzerkl\u00e4rung die allgemeinen Regeln des niederl\u00e4ndischen Rechts.<\/p>\n<p><b>13. Welche Kekse benutzen wir?<\/b><\/p>\n<p>Sie k\u00f6nnen selbst angeben, welche Daten wir von Ihnen verwenden d\u00fcrfen. Haben Sie uns die Erlaubnis erteilt, Ihr Profil basierend auf Ihrem Surf- und Suchverhalten zu personalisieren, k\u00f6nnen wir unsere Website speziell auf Sie einstellen, damit die Nutzung einfacher und pers\u00f6nlicher wird. Wir tun dies mithilfe von Cookies. Ein Cookie ist eine kleine Textdatei, die bei Ihrem Besuch unserer Website auf Ihrer Hardware platziert wird.<br \/>Wir verwenden die folgenden Arten von Cookies auf unserer Website:<\/p>\n<p>funktionale Cookies, wie Sitzungs- und Anmelde-Cookies zur Aufzeichnung von Sitzungs- und Anmeldeinformationen<br \/>nicht anonymisierte Analysecookies, um Einblick in den Besuch unserer Website auf Basis von Informationen \u00fcber Besucherzahlen, beliebte Seiten und beliebte Themen zu erhalten<br \/>Genauer gesagt verwenden wir die folgenden Cookies:<\/p>\n<p>Google Analytics anonymisiert (analytische Cookies)<\/p>\n<p><b>14. Was tun wir mit Daten von Minderj\u00e4hrigen?<br \/><\/b>Wir richten uns mit unserer Webseite oder als Organisation nicht spezifisch auf Minderj\u00e4hrige. Dies h\u00e4lt ein, dass wenn du j\u00fcnger bist als 18 Jahre, du Erlaubnis ben\u00f6tigst von einem Elternteil oder Vormund um zu benutzen unsere Webseite. Bist du bei deinem Besuch unserer Webseite oder Webshop minderj\u00e4hrig, dann gehen wir davon aus, dass du f\u00fcr deinen Besuch diese Erlaubnis erhalten hast.<\/p>\n<p><b>Haben Sie eine Frage zu dieser Datenschutzerkl\u00e4rung?<br \/><\/b>Haben Sie eine Frage zu unserer Datenschutzerkl\u00e4rung? Kontaktieren Sie uns gerne, indem Sie eine E-Mail an info@devoliere.nl senden. Wir helfen Ihnen gerne weiter.<\/p>\n<\/div>\n<\/div>\t\t\t\t\t\t\t\t<\/div>\n\t\t\t\t<\/div>\n\t\t\t\t\t<\/div>\n\t\t\t\t<\/div>\n\t\t\t\t<\/div>","protected":false},"excerpt":{"rendered":"<p>Privacy Policy Zodra je onze website www.devoliere.nl bezoekt of contact met ons opneemt, ontvangen we informatie over jou. In deze privacyverklaring leggen we uit wat we met die informatie doen. We gaan altijd zorgvuldig met je informatie om en slaan die veilig op. Heb je vragen of wil je weten welke informatie we van je [&hellip;]<\/p>\n","protected":false},"author":1,"featured_media":0,"parent":0,"menu_order":0,"comment_status":"closed","ping_status":"closed","template":"","meta":{"_acf_changed":false,"footnotes":""},"class_list":["post-3","page","type-page","status-publish","hentry"],"acf":[],"_links":{"self":[{"href":"https:\/\/devoliere.nl\/de\/wp-json\/wp\/v2\/pages\/3","targetHints":{"allow":["GET"]}}],"collection":[{"href":"https:\/\/devoliere.nl\/de\/wp-json\/wp\/v2\/pages"}],"about":[{"href":"https:\/\/devoliere.nl\/de\/wp-json\/wp\/v2\/types\/page"}],"author":[{"embeddable":true,"href":"https:\/\/devoliere.nl\/de\/wp-json\/wp\/v2\/users\/1"}],"replies":[{"embeddable":true,"href":"https:\/\/devoliere.nl\/de\/wp-json\/wp\/v2\/comments?post=3"}],"version-history":[{"count":0,"href":"https:\/\/devoliere.nl\/de\/wp-json\/wp\/v2\/pages\/3\/revisions"}],"wp:attachment":[{"href":"https:\/\/devoliere.nl\/de\/wp-json\/wp\/v2\/media?parent=3"}],"curies":[{"name":"wp","href":"https:\/\/api.w.org\/{rel}","templated":true}]}}