{"id":54,"date":"2024-11-05T10:21:50","date_gmt":"2024-11-05T10:21:50","guid":{"rendered":"https:\/\/staging.devoliere.nl\/?page_id=54"},"modified":"2025-10-15T12:01:10","modified_gmt":"2025-10-15T12:01:10","slug":"groepen-events","status":"publish","type":"page","link":"https:\/\/devoliere.nl\/de\/groepen-events\/","title":{"rendered":"gruppen &amp; events"},"content":{"rendered":"<div data-elementor-type=\"wp-page\" data-elementor-id=\"54\" class=\"elementor elementor-54\" data-elementor-post-type=\"page\">\n\t\t\t\t<div class=\"elementor-element elementor-element-a7d334d elementor-hidden-mobile e-flex e-con-boxed e-con e-parent\" data-id=\"a7d334d\" data-element_type=\"container\" data-e-type=\"container\" data-settings=\"{&quot;background_background&quot;:&quot;classic&quot;}\">\n\t\t\t\t\t<div class=\"e-con-inner\">\n\t\t\t\t\t<\/div>\n\t\t\t\t<\/div>\n\t\t<div class=\"elementor-element elementor-element-1ec54e4 e-flex e-con-boxed e-con e-parent\" data-id=\"1ec54e4\" data-element_type=\"container\" data-e-type=\"container\" data-settings=\"{&quot;background_background&quot;:&quot;classic&quot;}\">\n\t\t\t\t\t<div class=\"e-con-inner\">\n\t\t<div class=\"elementor-element elementor-element-d0f46ca e-con-full e-flex e-con e-child\" data-id=\"d0f46ca\" data-element_type=\"container\" data-e-type=\"container\" data-settings=\"{&quot;background_background&quot;:&quot;classic&quot;}\">\n\t\t\t\t<div class=\"elementor-element elementor-element-d5663c3 elementor-widget elementor-widget-image\" data-id=\"d5663c3\" data-element_type=\"widget\" data-e-type=\"widget\" data-widget_type=\"image.default\">\n\t\t\t\t\t\t\t\t\t\t\t\t\t\t\t<img fetchpriority=\"high\" decoding=\"async\" width=\"800\" height=\"979\" src=\"https:\/\/devoliere.nl\/wp-content\/uploads\/LEKKERBEK-lineart-837x1024.png\" class=\"attachment-large size-large wp-image-187\" alt=\"\" srcset=\"https:\/\/devoliere.nl\/wp-content\/uploads\/LEKKERBEK-lineart-837x1024.png 837w, https:\/\/devoliere.nl\/wp-content\/uploads\/LEKKERBEK-lineart-245x300.png 245w, https:\/\/devoliere.nl\/wp-content\/uploads\/LEKKERBEK-lineart-768x939.png 768w, https:\/\/devoliere.nl\/wp-content\/uploads\/LEKKERBEK-lineart.png 883w\" sizes=\"(max-width: 800px) 100vw, 800px\" loading=\"eager\" \/>\t\t\t\t\t\t\t\t\t\t\t\t\t\t\t<\/div>\n\t\t\t\t<\/div>\n\t\t<div class=\"elementor-element elementor-element-edb20bd e-con-full e-flex e-con e-child\" data-id=\"edb20bd\" data-element_type=\"container\" data-e-type=\"container\" data-settings=\"{&quot;background_background&quot;:&quot;classic&quot;}\">\n\t\t\t\t<div class=\"elementor-element elementor-element-8f37a76 elementor-widget elementor-widget-heading\" data-id=\"8f37a76\" data-element_type=\"widget\" data-e-type=\"widget\" data-widget_type=\"heading.default\">\n\t\t\t\t\t<h1 class=\"elementor-heading-title elementor-size-default\">Events<\/h1>\t\t\t\t<\/div>\n\t\t\t\t<div class=\"elementor-element elementor-element-9e768bf elementor-widget elementor-widget-text-editor\" data-id=\"9e768bf\" data-element_type=\"widget\" data-e-type=\"widget\" data-widget_type=\"text-editor.default\">\n\t\t\t\t\t\t\t\t\t<p>Jede Vogelart hat ihren eigenen Meilenstein zu feiern: ein neues Lebensjahr, ein Familienessen, eine Hochzeit, gesch\u00e4ftliche Erfolge, Babypartys, besondere Anl\u00e4sse oder andere Momente, die man gro\u00df feiern m\u00f6chte. Wo f\u00e4ngt man an? Es beginnt mit dem Ort. Der Ort, zu dem man eine Verbindung sp\u00fcrt und an dem alle Puzzleteile zusammenpassen. Und wie es der Zufall will, wir lieben Puzzles. Wir denken mit, gestalten alles nach Ihren W\u00fcnschen, bis das letzte Teil an seinem Platz ist. So k\u00f6nnen Sie sich zur\u00fccklehnen, w\u00e4hrend wir den Rest \u00fcbernehmen. Ein Ort, an dem Sie unbeschwert genie\u00dfen k\u00f6nnen, in seiner reinsten Form und mitten in der Natur.&nbsp;<\/p>\n<p>Wir haben f\u00fcr jede Party den passenden Raum.<\/p>\n<p class=\"translation-block\">De Kas | Der perfekte Ort f\u00fcr einen gr\u00f6\u00dferen Drink, Mittag- oder Abendessen oder eine Hochzeit. Auch eine Abendparty mit DJ oder Band findet in diesem hellen, heimeligen Raum statt. Es gibt Platz f\u00fcr maximal ca. 80 sitzende und 150 stehende Personen.<\/p>\n<p class=\"translation-block\">Het Vogelhuis | Ein gem\u00fctlicher privater Raum, der exklusiv f\u00fcr bis zu 16 Personen reserviert werden kann. Der Raum ist durch Glasw\u00e4nde vom Gew\u00e4chshaus getrennt. Das Vogelhaus eignet sich f\u00fcr festliche Abendessen, Babypartys oder private Anl\u00e4sse.<\/p>\n<p class=\"translation-block\">De Buitenplaats | Unsere sch\u00f6ne Terrasse mit Blick auf das Oosterduinsemer ist ein wunderbarer Ort f\u00fcr verschiedene Anl\u00e4sse: eine idyllische Hochzeitszeremonie, ein ausgiebiges Abendessen an langen Tischen oder ein informelles Getr\u00e4nk. Alles ist m\u00f6glich!<\/p>\t\t\t\t\t\t\t\t<\/div>\n\t\t\t\t<\/div>\n\t\t\t\t\t<\/div>\n\t\t\t\t<\/div>\n\t\t<div class=\"elementor-element elementor-element-66452c02 e-con-full e-flex e-con e-parent\" data-id=\"66452c02\" data-element_type=\"container\" data-e-type=\"container\" id=\"offerte\">\n\t\t\t\t<div class=\"elementor-element elementor-element-4d81d7a5 elementor-widget elementor-widget-text-editor\" data-id=\"4d81d7a5\" data-element_type=\"widget\" data-e-type=\"widget\" data-widget_type=\"text-editor.default\">\n\t\t\t\t\t\t\t\t\t<iframe style=\"width: 100vw; height: 75vh; border: none;\" src=\"https:\/\/app.miceoperations.com\/widget\/f0771da721ab\" allowfullscreen=\"allowfullscreen\">\n<\/iframe>\t\t\t\t\t\t\t\t<\/div>\n\t\t\t\t<\/div>\n\t\t<div class=\"elementor-element elementor-element-bbec135 e-con-full e-flex e-con e-parent\" data-id=\"bbec135\" data-element_type=\"container\" data-e-type=\"container\">\n\t\t<div class=\"elementor-element elementor-element-97c2c17 e-con-full e-flex e-con e-child\" data-id=\"97c2c17\" data-element_type=\"container\" data-e-type=\"container\">\n\t\t\t\t<div class=\"elementor-element elementor-element-aa7b6b0 elementor--h-position-right elementor--v-position-bottom elementor-arrows-position-inside elementor-pagination-position-inside elementor-widget elementor-widget-slides\" data-id=\"aa7b6b0\" data-element_type=\"widget\" data-e-type=\"widget\" data-settings=\"{&quot;navigation&quot;:&quot;both&quot;,&quot;autoplay&quot;:&quot;yes&quot;,&quot;pause_on_hover&quot;:&quot;yes&quot;,&quot;pause_on_interaction&quot;:&quot;yes&quot;,&quot;autoplay_speed&quot;:5000,&quot;infinite&quot;:&quot;yes&quot;,&quot;transition&quot;:&quot;slide&quot;,&quot;transition_speed&quot;:500}\" data-widget_type=\"slides.default\">\n\t\t\t\t\t\t\t\t\t\t<div class=\"elementor-slides-wrapper elementor-main-swiper swiper\" role=\"region\" aria-roledescription=\"carousel\" aria-label=\"Slides\" dir=\"ltr\" data-animation=\"fadeInRight\">\n\t\t\t\t<div class=\"swiper-wrapper elementor-slides\">\n\t\t\t\t\t\t\t\t\t\t<div class=\"elementor-repeater-item-0603411 swiper-slide\" role=\"group\" aria-roledescription=\"slide\"><div class=\"swiper-slide-bg\" role=\"img\" aria-label=\"EventsWebsitev2.png\"><\/div><div class=\"swiper-slide-inner\" ><div class=\"swiper-slide-contents\"><\/div><\/div><\/div><div class=\"elementor-repeater-item-21271da swiper-slide\" role=\"group\" aria-roledescription=\"slide\"><div class=\"swiper-slide-bg\" role=\"img\" aria-label=\"Tekengebied-1.jpg\"><\/div><div class=\"swiper-slide-inner\" ><div class=\"swiper-slide-contents\"><\/div><\/div><\/div>\t\t\t\t<\/div>\n\t\t\t\t\t\t\t\t\t\t\t\t\t\t\t<div class=\"elementor-swiper-button elementor-swiper-button-prev\" role=\"button\" tabindex=\"0\" aria-label=\"Vorheriger Slide\">\n\t\t\t\t\t\t\t<svg aria-hidden=\"true\" class=\"e-font-icon-svg e-eicon-chevron-left\" viewbox=\"0 0 1000 1000\" xmlns=\"http:\/\/www.w3.org\/2000\/svg\"><path d=\"M646 125C629 125 613 133 604 142L308 442C296 454 292 471 292 487 292 504 296 521 308 533L604 854C617 867 629 875 646 875 663 875 679 871 692 858 704 846 713 829 713 812 713 796 708 779 692 767L438 487 692 225C700 217 708 204 708 187 708 171 704 154 692 142 675 129 663 125 646 125Z\"><\/path><\/svg>\t\t\t\t\t\t<\/div>\n\t\t\t\t\t\t<div class=\"elementor-swiper-button elementor-swiper-button-next\" role=\"button\" tabindex=\"0\" aria-label=\"N\u00e4chster Slide\">\n\t\t\t\t\t\t\t<svg aria-hidden=\"true\" class=\"e-font-icon-svg e-eicon-chevron-right\" viewbox=\"0 0 1000 1000\" xmlns=\"http:\/\/www.w3.org\/2000\/svg\"><path d=\"M696 533C708 521 713 504 713 487 713 471 708 454 696 446L400 146C388 133 375 125 354 125 338 125 325 129 313 142 300 154 292 171 292 187 292 204 296 221 308 233L563 492 304 771C292 783 288 800 288 817 288 833 296 850 308 863 321 871 338 875 354 875 371 875 388 867 400 854L696 533Z\"><\/path><\/svg>\t\t\t\t\t\t<\/div>\n\t\t\t\t\t\t\t\t\t\t\t\t\t\t\t\t<div class=\"swiper-pagination\"><\/div>\n\t\t\t\t\t\t\t\t\t\t\t\t<\/div>\n\t\t\t\t\t\t\t\t<\/div>\n\t\t\t\t<\/div>\n\t\t\t\t<\/div>\n\t\t<div class=\"elementor-element elementor-element-b6a3238 e-flex e-con-boxed e-con e-parent\" data-id=\"b6a3238\" data-element_type=\"container\" data-e-type=\"container\" id=\"bruiloften\" data-settings=\"{&quot;background_background&quot;:&quot;classic&quot;}\">\n\t\t\t\t\t<div class=\"e-con-inner\">\n\t\t<div class=\"elementor-element elementor-element-192f6ae e-con-full e-flex e-con e-child\" data-id=\"192f6ae\" data-element_type=\"container\" data-e-type=\"container\" data-settings=\"{&quot;background_background&quot;:&quot;classic&quot;}\">\n\t\t\t\t<div class=\"elementor-element elementor-element-439dd5d elementor-widget elementor-widget-image\" data-id=\"439dd5d\" data-element_type=\"widget\" data-e-type=\"widget\" data-widget_type=\"image.default\">\n\t\t\t\t\t\t\t\t\t\t\t\t\t\t\t<img decoding=\"async\" width=\"687\" height=\"1024\" src=\"https:\/\/devoliere.nl\/wp-content\/uploads\/DE-TORTELDUIF-lijn-1-687x1024.png\" class=\"attachment-large size-large wp-image-92\" alt=\"\" srcset=\"https:\/\/devoliere.nl\/wp-content\/uploads\/DE-TORTELDUIF-lijn-1-687x1024.png 687w, https:\/\/devoliere.nl\/wp-content\/uploads\/DE-TORTELDUIF-lijn-1-201x300.png 201w, https:\/\/devoliere.nl\/wp-content\/uploads\/DE-TORTELDUIF-lijn-1.png 725w\" sizes=\"(max-width: 687px) 100vw, 687px\" \/>\t\t\t\t\t\t\t\t\t\t\t\t\t\t\t<\/div>\n\t\t\t\t<\/div>\n\t\t<div class=\"elementor-element elementor-element-bd4591c e-con-full e-flex e-con e-child\" data-id=\"bd4591c\" data-element_type=\"container\" data-e-type=\"container\" data-settings=\"{&quot;background_background&quot;:&quot;classic&quot;}\">\n\t\t\t\t<div class=\"elementor-element elementor-element-b98f548 elementor-widget elementor-widget-heading\" data-id=\"b98f548\" data-element_type=\"widget\" data-e-type=\"widget\" data-widget_type=\"heading.default\">\n\t\t\t\t\t<h2 class=\"elementor-heading-title elementor-size-default\">Hochzeiten<\/h2>\t\t\t\t<\/div>\n\t\t\t\t<div class=\"elementor-element elementor-element-b2a3c36 elementor-widget elementor-widget-text-editor\" data-id=\"b2a3c36\" data-element_type=\"widget\" data-e-type=\"widget\" data-widget_type=\"text-editor.default\">\n\t\t\t\t\t\t\t\t\tWenn Liebe in der Luft liegt, nistet er gerne in der Voliere: der Turteltaube. Er wird staunen, wenn neue Paare sich darauf vorbereiten, als neues Paar den See zu verlassen. Und ob die Liebe gro\u00df oder klein gefeiert wird; Die Turteltaube breitet elegant ihre Fl\u00fcgel aus, um diese Botschaft an die Welt zu senden.\n\nHeiraten Sie bald? Und suchen Sie einen idyllischen Ort, um die Liebe zu feiern? Wir sind eine offizielle Hochzeitslocation und verf\u00fcgen \u00fcber alle Einrichtungen, um Ihren sch\u00f6nen Tag perfekt zu machen. Die Trauung kann auf unserer Terrasse mit Seeblick oder im attraktiven, hellen Gew\u00e4chshaus stattfinden. Genie\u00dfen Sie Getr\u00e4nke und Abendessen an langen gedeckten Tischen oder in ungezwungener Atmosph\u00e4re. Lassen Sie den Tag auf der Tanzfl\u00e4che mit einem DJ ausklingen, der bis in die fr\u00fchen Morgenstunden spielt.\n\nGerne nehmen wir Ihre W\u00fcnsche entgegen und besprechen alle M\u00f6glichkeiten im Rahmen einer Einf\u00fchrungsveranstaltung! Senden Sie eine E-Mail \u00fcber den unten stehenden Link.\t\t\t\t\t\t\t\t<\/div>\n\t\t\t\t<div class=\"elementor-element elementor-element-bb1c267 elementor-align-left elementor-mobile-align-center elementor-widget elementor-widget-button\" data-id=\"bb1c267\" data-element_type=\"widget\" data-e-type=\"widget\" data-widget_type=\"button.default\">\n\t\t\t\t\t\t\t\t\t\t<a class=\"elementor-button elementor-button-link elementor-size-sm\" href=\"#offerte\">\n\t\t\t\t\t\t<span class=\"elementor-button-content-wrapper\">\n\t\t\t\t\t\t\t\t\t<span class=\"elementor-button-text\">Wir sind total verliebt und h\u00e4tten gern weitere Informationen<\/span>\n\t\t\t\t\t<\/span>\n\t\t\t\t\t<\/a>\n\t\t\t\t\t\t\t\t<\/div>\n\t\t\t\t<\/div>\n\t\t\t\t\t<\/div>\n\t\t\t\t<\/div>\n\t\t<div class=\"elementor-element elementor-element-8fde9bc e-flex e-con-boxed e-con e-parent\" data-id=\"8fde9bc\" data-element_type=\"container\" data-e-type=\"container\" id=\"groepen\" data-settings=\"{&quot;background_background&quot;:&quot;classic&quot;}\">\n\t\t\t\t\t<div class=\"e-con-inner\">\n\t\t<div class=\"elementor-element elementor-element-fb03695 e-con-full e-flex e-con e-child\" data-id=\"fb03695\" data-element_type=\"container\" data-e-type=\"container\" data-settings=\"{&quot;background_background&quot;:&quot;classic&quot;}\">\n\t\t\t\t<div class=\"elementor-element elementor-element-a700a1a elementor-widget elementor-widget-heading\" data-id=\"a700a1a\" data-element_type=\"widget\" data-e-type=\"widget\" data-widget_type=\"heading.default\">\n\t\t\t\t\t<h3 class=\"elementor-heading-title elementor-size-default\">Gruppen<\/h3>\t\t\t\t<\/div>\n\t\t\t\t<div class=\"elementor-element elementor-element-2591e0f elementor-widget elementor-widget-text-editor\" data-id=\"2591e0f\" data-element_type=\"widget\" data-e-type=\"widget\" data-widget_type=\"text-editor.default\">\n\t\t\t\t\t\t\t\t\tM\u00f6chten Sie mit einer gr\u00f6\u00dferen Gruppe zum Mittag- oder Abendessen kommen? Ab 8 bis maximal 30 Personen gestalten wir eine gem\u00fctliche, lange Tafel, an der Sie ein vorgegebenes (gemeinsames) Men\u00fc genie\u00dfen k\u00f6nnen.\n\nF\u00fcr Gruppen ab 30 Personen haben wir verschiedene Verpflegungsm\u00f6glichkeiten. So k\u00f6nnen wir zum Beispiel ein ausgiebiges Barbecue anbieten \u2013 sowohl im burgundischen Stil als auch in Buffetform \u2013 oder ein Walking Lunch oder Dinner, bei dem die kleineren Gerichte an einem langen gedeckten Tisch serviert oder in ungezwungener Form (stehend oder sitzend) serviert werden k\u00f6nnen.\n\nEs gibt viele M\u00f6glichkeiten und wir helfen Ihnen gerne dabei, Ihr Abendessen zu einem Erfolg zu machen!\t\t\t\t\t\t\t\t<\/div>\n\t\t\t\t<div class=\"elementor-element elementor-element-2d5cc7c elementor-align-left elementor-mobile-align-center elementor-widget elementor-widget-button\" data-id=\"2d5cc7c\" data-element_type=\"widget\" data-e-type=\"widget\" data-widget_type=\"button.default\">\n\t\t\t\t\t\t\t\t\t\t<a class=\"elementor-button elementor-button-link elementor-size-sm\" href=\"#offerte\">\n\t\t\t\t\t\t<span class=\"elementor-button-content-wrapper\">\n\t\t\t\t\t\t\t\t\t<span class=\"elementor-button-text\">Wir sind an einer Gruppenreservierung interessiert<\/span>\n\t\t\t\t\t<\/span>\n\t\t\t\t\t<\/a>\n\t\t\t\t\t\t\t\t<\/div>\n\t\t\t\t<\/div>\n\t\t<div class=\"elementor-element elementor-element-8cffd61 elementor-hidden-mobile e-con-full e-flex e-con e-child\" data-id=\"8cffd61\" data-element_type=\"container\" data-e-type=\"container\" data-settings=\"{&quot;background_background&quot;:&quot;classic&quot;}\">\n\t\t\t\t<\/div>\n\t\t\t\t\t<\/div>\n\t\t\t\t<\/div>\n\t\t<div class=\"elementor-element elementor-element-4db6bcb e-flex e-con-boxed e-con e-parent\" data-id=\"4db6bcb\" data-element_type=\"container\" data-e-type=\"container\" id=\"activiteiten\" data-settings=\"{&quot;background_background&quot;:&quot;classic&quot;}\">\n\t\t\t\t\t<div class=\"e-con-inner\">\n\t\t<div class=\"elementor-element elementor-element-88e9a4b e-con-full e-flex e-con e-child\" data-id=\"88e9a4b\" data-element_type=\"container\" data-e-type=\"container\" data-settings=\"{&quot;background_background&quot;:&quot;classic&quot;}\">\n\t\t\t\t<div class=\"elementor-element elementor-element-63387d4 elementor-widget elementor-widget-image\" data-id=\"63387d4\" data-element_type=\"widget\" data-e-type=\"widget\" data-widget_type=\"image.default\">\n\t\t\t\t\t\t\t\t\t\t\t\t\t\t\t<img decoding=\"async\" width=\"800\" height=\"1024\" src=\"https:\/\/devoliere.nl\/wp-content\/uploads\/WATERKANTER-lineart-800x1024.png\" class=\"attachment-large size-large wp-image-188\" alt=\"\" srcset=\"https:\/\/devoliere.nl\/wp-content\/uploads\/WATERKANTER-lineart-800x1024.png 800w, https:\/\/devoliere.nl\/wp-content\/uploads\/WATERKANTER-lineart-234x300.png 234w, https:\/\/devoliere.nl\/wp-content\/uploads\/WATERKANTER-lineart-768x983.png 768w, https:\/\/devoliere.nl\/wp-content\/uploads\/WATERKANTER-lineart.png 844w\" sizes=\"(max-width: 800px) 100vw, 800px\" \/>\t\t\t\t\t\t\t\t\t\t\t\t\t\t\t<\/div>\n\t\t\t\t<\/div>\n\t\t<div class=\"elementor-element elementor-element-44fe415 e-con-full e-flex e-con e-child\" data-id=\"44fe415\" data-element_type=\"container\" data-e-type=\"container\" data-settings=\"{&quot;background_background&quot;:&quot;classic&quot;}\">\n\t\t\t\t<div class=\"elementor-element elementor-element-9c5df57 elementor-widget elementor-widget-heading\" data-id=\"9c5df57\" data-element_type=\"widget\" data-e-type=\"widget\" data-widget_type=\"heading.default\">\n\t\t\t\t\t<h3 class=\"elementor-heading-title elementor-size-default\">Aktivit\u00e4ten<\/h3>\t\t\t\t<\/div>\n\t\t\t\t<div class=\"elementor-element elementor-element-dbf883e elementor-widget elementor-widget-text-editor\" data-id=\"dbf883e\" data-element_type=\"widget\" data-e-type=\"widget\" data-widget_type=\"text-editor.default\">\n\t\t\t\t\t\t\t\t\tDas Gebiet rund um die Voliere eignet sich hervorragend f\u00fcr Aktivit\u00e4ten an Land und im Wasser. Ein Ausflug durch die Gegend mit einem E-Chopper oder Elektroroller, eine Radtour zum Keukenhof im Fr\u00fchling, ein Nachmittag SUP- oder Kanufahren auf dem Wasser vor der T\u00fcr oder verschiedene Spiele am Strand am Wasser. Genie\u00dfen Sie es mit der Familie, einer Gruppe von Freunden oder Kollegen. Gerne erstellen wir ein ma\u00dfgeschneidertes Programm, nat\u00fcrlich kombiniert mit leckeren Speisen und Getr\u00e4nken.\t\t\t\t\t\t\t\t<\/div>\n\t\t\t\t<div class=\"elementor-element elementor-element-4fee15c elementor-align-left elementor-mobile-align-center elementor-widget elementor-widget-button\" data-id=\"4fee15c\" data-element_type=\"widget\" data-e-type=\"widget\" data-widget_type=\"button.default\">\n\t\t\t\t\t\t\t\t\t\t<a class=\"elementor-button elementor-button-link elementor-size-sm\" href=\"#offerte\">\n\t\t\t\t\t\t<span class=\"elementor-button-content-wrapper\">\n\t\t\t\t\t\t\t\t\t<span class=\"elementor-button-text\">Kontaktieren Sie uns f\u00fcr ein ma\u00dfgeschneidertes Programm<\/span>\n\t\t\t\t\t<\/span>\n\t\t\t\t\t<\/a>\n\t\t\t\t\t\t\t\t<\/div>\n\t\t\t\t<\/div>\n\t\t\t\t\t<\/div>\n\t\t\t\t<\/div>\n\t\t<div class=\"elementor-element elementor-element-e3407e6 e-con-full e-flex e-con e-parent\" data-id=\"e3407e6\" data-element_type=\"container\" data-e-type=\"container\">\n\t\t<div class=\"elementor-element elementor-element-f55ce5d e-con-full e-flex e-con e-child\" data-id=\"f55ce5d\" data-element_type=\"container\" data-e-type=\"container\">\n\t\t\t\t<div class=\"elementor-element elementor-element-e37f3fe elementor--h-position-right elementor--v-position-bottom elementor-arrows-position-inside elementor-pagination-position-inside elementor-widget elementor-widget-slides\" data-id=\"e37f3fe\" data-element_type=\"widget\" data-e-type=\"widget\" data-settings=\"{&quot;navigation&quot;:&quot;both&quot;,&quot;autoplay&quot;:&quot;yes&quot;,&quot;pause_on_hover&quot;:&quot;yes&quot;,&quot;pause_on_interaction&quot;:&quot;yes&quot;,&quot;autoplay_speed&quot;:5000,&quot;infinite&quot;:&quot;yes&quot;,&quot;transition&quot;:&quot;slide&quot;,&quot;transition_speed&quot;:500}\" data-widget_type=\"slides.default\">\n\t\t\t\t\t\t\t\t\t\t<div class=\"elementor-slides-wrapper elementor-main-swiper swiper\" role=\"region\" aria-roledescription=\"carousel\" aria-label=\"Slides\" dir=\"ltr\" data-animation=\"fadeInRight\">\n\t\t\t\t<div class=\"swiper-wrapper elementor-slides\">\n\t\t\t\t\t\t\t\t\t\t<div class=\"elementor-repeater-item-d1434b7 swiper-slide\" role=\"group\" aria-roledescription=\"slide\"><div class=\"swiper-slide-bg\" role=\"img\" aria-label=\"IMG_9186.jpg\"><\/div><div class=\"elementor-background-overlay\"><\/div><div class=\"swiper-slide-inner\" ><div class=\"swiper-slide-contents\"><\/div><\/div><\/div>\t\t\t\t<\/div>\n\t\t\t\t\t\t\t<\/div>\n\t\t\t\t\t\t\t\t<\/div>\n\t\t\t\t<\/div>\n\t\t\t\t<\/div>\n\t\t\t\t<\/div>","protected":false},"excerpt":{"rendered":"<p>Events Elk pluimage heeft een andere mijlpaal om te vieren: een nieuw levensjaar, familiediner, bruiloft, zakelijke successen, babyborrels, mijlpalen of andere momenten om eens flink uit te pakken. Waar begin je? Dat begint bij de plek. De plek waar je een klik mee hebt en waar alle puzzelstukjes in elkaar vallen. En het toeval: wij [&hellip;]<\/p>\n","protected":false},"author":1,"featured_media":0,"parent":0,"menu_order":0,"comment_status":"closed","ping_status":"closed","template":"","meta":{"_acf_changed":false,"footnotes":""},"class_list":["post-54","page","type-page","status-publish","hentry"],"acf":[],"_links":{"self":[{"href":"https:\/\/devoliere.nl\/de\/wp-json\/wp\/v2\/pages\/54","targetHints":{"allow":["GET"]}}],"collection":[{"href":"https:\/\/devoliere.nl\/de\/wp-json\/wp\/v2\/pages"}],"about":[{"href":"https:\/\/devoliere.nl\/de\/wp-json\/wp\/v2\/types\/page"}],"author":[{"embeddable":true,"href":"https:\/\/devoliere.nl\/de\/wp-json\/wp\/v2\/users\/1"}],"replies":[{"embeddable":true,"href":"https:\/\/devoliere.nl\/de\/wp-json\/wp\/v2\/comments?post=54"}],"version-history":[{"count":0,"href":"https:\/\/devoliere.nl\/de\/wp-json\/wp\/v2\/pages\/54\/revisions"}],"wp:attachment":[{"href":"https:\/\/devoliere.nl\/de\/wp-json\/wp\/v2\/media?parent=54"}],"curies":[{"name":"wp","href":"https:\/\/api.w.org\/{rel}","templated":true}]}}